{"id":1141,"date":"2025-01-25T18:08:53","date_gmt":"2025-01-25T23:08:53","guid":{"rendered":"https:\/\/wilfredodesouza.com\/us\/?page_id=1141"},"modified":"2025-02-03T14:09:56","modified_gmt":"2025-02-03T19:09:56","slug":"silver-pay","status":"publish","type":"page","link":"https:\/\/wilfredodesouza.com\/us\/silver-pay\/","title":{"rendered":"Silver Pay"},"content":{"rendered":"\t\t<div data-elementor-type=\"wp-page\" data-elementor-id=\"1141\" class=\"elementor elementor-1141\" data-elementor-post-type=\"page\">\n\t\t\t\t<div class=\"elementor-element elementor-element-0460053 e-flex e-con-boxed e-con e-parent\" data-id=\"0460053\" data-element_type=\"container\" data-e-type=\"container\">\n\t\t\t\t\t<div class=\"e-con-inner\">\n\t\t\t\t<div class=\"elementor-element elementor-element-774cfe0 elementor-widget elementor-widget-text-editor\" data-id=\"774cfe0\" data-element_type=\"widget\" data-e-type=\"widget\" data-widget_type=\"text-editor.default\">\n\t\t\t\t<div class=\"elementor-widget-container\">\n\t\t\t\t\t\t\t\t\t<blockquote><h5>\ud83d\udcb3 <strong>Completa tu compra en PayPal<\/strong><\/h5><p><strong>1\ufe0f\u20e3\u00a0Ingresa tus datos<\/strong><br \/>Completa tu nombre, correo y tel\u00e9fono.<\/p><p>2\ufe0f\u20e3 <strong>Realiza el pago<\/strong><br \/>Verifica la informaci\u00f3n y procede al pago.<\/p><p><strong>3\ufe0f\u20e3 Recibe la confirmaci\u00f3n<\/strong><br \/>Te llegar\u00e1 un correo con los detalles de tu compra.<\/p><p><strong>4\ufe0f\u20e3 Agenda tu sesi\u00f3n<\/strong><br \/>En el correo, encontrar\u00e1s un link para reservar tu primera reuni\u00f3n\u00a0de\u00a0mentor\u00eda.<\/p><\/blockquote>\t\t\t\t\t\t\t\t<\/div>\n\t\t\t\t<\/div>\n\t\t\t\t<div class=\"elementor-element elementor-element-56f2f94 elementor-widget__width-initial elementor-widget elementor-widget-html\" data-id=\"56f2f94\" data-element_type=\"widget\" data-e-type=\"widget\" data-widget_type=\"html.default\">\n\t\t\t\t<div class=\"elementor-widget-container\">\n\t\t\t\t\t<!-- Cargar el SDK de PayPal y EmailJS -->\r\n<script src=\"https:\/\/www.paypal.com\/sdk\/js?client-id=BAAgr40rcNM0iPG1G1e7iYhlEdtVC_BE1vD-60rLjt7s1krQZ9xt0VInBkpdBoyCbo129fv6qfdx3PHvAo&currency=USD\"><\/script>\r\n<script src=\"https:\/\/cdn.jsdelivr.net\/npm\/@emailjs\/browser@4\/dist\/email.min.js\"><\/script>\r\n\r\n<!-- Inicializar EmailJS -->\r\n<script type=\"text\/javascript\">\r\n   (function(){\r\n      emailjs.init(\"jWzBPdT6D0Yb9Vn5Q\"); \/\/ Reemplaza \"TU_USER_ID\" con tu user ID de EmailJS\r\n   })();\r\n<\/script>\r\n\r\n<!-- Formulario de Captura de Datos -->\r\n<form id=\"payment-form\">\r\n  <h2 style=\"font-family: 'SF Pro', sans-serif; color: #5956E9; text-align: center; font-size: 18px; margin-bottom: 20px;\">\r\n    Ingresa tus datos personales\r\n  <\/h2>\r\n\r\n  <input type=\"text\" id=\"nombre\" required placeholder=\"Introduce tu nombre\" \/>\r\n  <input type=\"email\" id=\"email\" required placeholder=\"Introduce tu correo electr\u00f3nico\" \/>\r\n  <input type=\"tel\" id=\"telefono\" required placeholder=\"Introduce tu tel\u00e9fono\" \/>\r\n\r\n  <div id=\"paypal-button-container\"><\/div>\r\n<\/form>\r\n\r\n<!-- Estilos CSS Personalizados -->\r\n<style>\r\n  @import url('https:\/\/fonts.googleapis.com\/css2?family=SF+Pro:wght@400;600&display=swap');\r\n  #payment-form {\r\n    width: 100%;\r\n    margin: 0 auto;\r\n    font-family: 'SF Pro', sans-serif;\r\n    background-color: #f9f9f9;\r\n    padding: 20px;\r\n    border-radius: 10px;\r\n    box-shadow: 0 4px 10px rgba(0, 0, 0, 0.1);\r\n  }\r\n  #payment-form input {\r\n    width: 100%;\r\n    padding: 10px;\r\n    margin-bottom: 14px;\r\n    border: 1px solid #08D6F4;\r\n    border-radius: 8px;\r\n    font-size: 16px;\r\n    box-sizing: border-box;\r\n  }\r\n  #payment-form input:focus {\r\n    border-color: #5956E9;\r\n    outline: none;\r\n    box-shadow: 0 0 5px rgba(89, 86, 233, 0.2);\r\n  }\r\n  #paypal-button-container {\r\n    display: block;\r\n    margin-top: 20px;\r\n    text-align: center;\r\n  }\r\n<\/style>\r\n\r\n<script>\r\n  window.onload = function() {\r\n    if (window.paypal) {\r\n      paypal.Buttons({\r\n        createOrder: function(data, actions) {\r\n          const nombre = document.getElementById('nombre').value;\r\n          const email = document.getElementById('email').value;\r\n          const telefono = document.getElementById('telefono').value;\r\n          \/\/ Validar campos\r\n          if (!nombre || !email || !telefono) {\r\n            alert('Por favor, completa todos los campos del formulario.');\r\n            return;\r\n          }\r\n\r\n          return actions.order.create({\r\n            purchase_units: [{\r\n              amount: {\r\n                value: '1200.00'  \/\/ Monto del pago\r\n              },\r\n              description: \"Wilfredo de Souza Mentoring and Consulting\"\r\n            }]\r\n          });\r\n        },\r\n        onApprove: function(data, actions) {\r\n          return actions.order.capture().then(function(details) {\r\n            alert('Pago aprobado por: ' + details.payer.name.given_name);\r\n\r\n            \/\/ Enviar correos con EmailJS\r\n            enviarCorreoConfirmacion();\r\n            enviarCorreoBienvenida();\r\n          });\r\n        },\r\n        onCancel: function() {\r\n          alert('Pago cancelado.');\r\n        },\r\n        onError: function(err) {\r\n          alert('Ocurri\u00f3 un error en el proceso de pago: ' + err);\r\n        }\r\n      }).render('#paypal-button-container');\r\n    }\r\n  };\r\n\r\n  function enviarCorreoConfirmacion() {\r\n    const nombre = document.getElementById('nombre').value;\r\n    const email = document.getElementById('email').value;\r\n    const templateParams = {\r\n      to_email: email,  \/\/ Aseg\u00farate de que el correo va al destinatario correcto\r\n      nombre,\r\n      mensaje: `\u00a1Gracias por tu pago, ${nombre}!`\r\n    };\r\n\r\n    emailjs.send(\"service_iqxdnbm\", \"template_vuqbnhe\", templateParams) \r\n      .then(function(response) {\r\n        alert(\"Correo de confirmaci\u00f3n enviado exitosamente\");\r\n      }, function(error) {\r\n        console.error(\"Error al enviar el correo de confirmaci\u00f3n:\", error);\r\n        alert(\"Error al enviar el correo de confirmaci\u00f3n: \" + JSON.stringify(error));\r\n      });\r\n  }\r\n\r\n  function enviarCorreoBienvenida() {\r\n    const nombre = document.getElementById('nombre').value;\r\n    const email = document.getElementById('email').value;\r\n    const plan = \"Silver\";\r\n    const dur_1 = \"2 sesiones virtuales (1 mes), con 1 sesi\u00f3n quincenal.\";\r\n    const dur_2 = \"1 sesi\u00f3n extra: 30 d\u00edas despu\u00e9s para ajustes.\";\r\n    const templateParams = {\r\n      to_email: email,  \/\/ Aseg\u00farate de que el correo va al destinatario correcto\r\n      nombre,\r\n      plan,\r\n      dur_1,\r\n      dur_2,\r\n      mensaje: `\u00a1Bienvenido, ${nombre}! Estamos emocionados de tenerte a bordo con el plan ${plan}.`\r\n    };\r\n\r\n    emailjs.send(\"service_iqxdnbm\", \"template_tc2uaxd\", templateParams) \r\n      .then(function(response) {\r\n        alert(\"Correo de bienvenida enviado exitosamente\");\r\n        \/\/ Redirigir al usuario despu\u00e9s del \u00e9xito del correo\r\n        window.location.href = \"https:\/\/wilfredodesouza.com\/us\/page-confirmation\/\";\r\n      }, function(error) {\r\n        console.error(\"Error al enviar el correo de bienvenida:\", error);\r\n        alert(\"Error al enviar el correo de bienvenida: \" + JSON.stringify(error));\r\n      });\r\n  }\r\n<\/script>\r\n\t\t\t\t<\/div>\n\t\t\t\t<\/div>\n\t\t\t\t<div class=\"elementor-element elementor-element-1de2b6c elementor-invisible elementor-widget elementor-widget-button\" data-id=\"1de2b6c\" data-element_type=\"widget\" data-e-type=\"widget\" data-settings=\"{&quot;_animation_mobile&quot;:&quot;bounceIn&quot;,&quot;_animation&quot;:&quot;bounceIn&quot;}\" data-widget_type=\"button.default\">\n\t\t\t\t<div class=\"elementor-widget-container\">\n\t\t\t\t\t\t\t\t\t<div class=\"elementor-button-wrapper\">\n\t\t\t\t\t<a class=\"elementor-button elementor-button-link elementor-size-sm\" href=\"https:\/\/wilfredodesouza.com\/us\/coming-soon\/\">\n\t\t\t\t\t\t<span class=\"elementor-button-content-wrapper\">\n\t\t\t\t\t\t\t\t\t<span class=\"elementor-button-text\">Regresar al inicio<\/span>\n\t\t\t\t\t<\/span>\n\t\t\t\t\t<\/a>\n\t\t\t\t<\/div>\n\t\t\t\t\t\t\t\t<\/div>\n\t\t\t\t<\/div>\n\t\t\t\t\t<\/div>\n\t\t\t\t<\/div>\n\t\t\t\t<\/div>\n\t\t","protected":false},"excerpt":{"rendered":"<p>\ud83d\udcb3 Completa tu compra en PayPal 1\ufe0f\u20e3\u00a0Ingresa tus datosCompleta tu nombre, correo y tel\u00e9fono. 2\ufe0f\u20e3 Realiza el pagoVerifica la informaci\u00f3n y procede al pago. 3\ufe0f\u20e3 Recibe la confirmaci\u00f3nTe llegar\u00e1 un correo con los detalles de tu compra. 4\ufe0f\u20e3 Agenda tu sesi\u00f3nEn el correo, encontrar\u00e1s un link para reservar tu primera reuni\u00f3n\u00a0de\u00a0mentor\u00eda. Ingresa tus datos personales [&hellip;]<\/p>\n","protected":false},"author":1,"featured_media":0,"parent":0,"menu_order":0,"comment_status":"closed","ping_status":"closed","template":"elementor_header_footer","meta":{"footnotes":""},"class_list":["post-1141","page","type-page","status-publish","hentry"],"_links":{"self":[{"href":"https:\/\/wilfredodesouza.com\/us\/wp-json\/wp\/v2\/pages\/1141","targetHints":{"allow":["GET"]}}],"collection":[{"href":"https:\/\/wilfredodesouza.com\/us\/wp-json\/wp\/v2\/pages"}],"about":[{"href":"https:\/\/wilfredodesouza.com\/us\/wp-json\/wp\/v2\/types\/page"}],"author":[{"embeddable":true,"href":"https:\/\/wilfredodesouza.com\/us\/wp-json\/wp\/v2\/users\/1"}],"replies":[{"embeddable":true,"href":"https:\/\/wilfredodesouza.com\/us\/wp-json\/wp\/v2\/comments?post=1141"}],"version-history":[{"count":303,"href":"https:\/\/wilfredodesouza.com\/us\/wp-json\/wp\/v2\/pages\/1141\/revisions"}],"predecessor-version":[{"id":1562,"href":"https:\/\/wilfredodesouza.com\/us\/wp-json\/wp\/v2\/pages\/1141\/revisions\/1562"}],"wp:attachment":[{"href":"https:\/\/wilfredodesouza.com\/us\/wp-json\/wp\/v2\/media?parent=1141"}],"curies":[{"name":"wp","href":"https:\/\/api.w.org\/{rel}","templated":true}]}}